{"id":154,"date":"2018-01-15T12:06:37","date_gmt":"2018-01-15T12:06:37","guid":{"rendered":"https:\/\/www.villamagnatartufi.com\/?page_id=154"},"modified":"2022-03-15T09:44:27","modified_gmt":"2022-03-15T08:44:27","slug":"condizioni-di-vendita","status":"publish","type":"page","link":"https:\/\/www.villamagnatartufi.com\/it\/condizioni-di-vendita\/","title":{"rendered":"Condizioni di vendita"},"content":{"rendered":"<h4>Condizioni generali di vendita:<\/h4>\n<p>L\u2019Azienda Agricola Villa Magna, attraverso il suo negozio on-line, vende sia tartufo fresco che prodotti conservati al tartufo. Il cliente al momento della conferma dell\u2019ordine dichiara di aver preso visione e accettato in ogni sua parte le seguenti condizioni generali di vendita nel rispetto di quanto previsto dagli art. 3 e 4 del Dlgs n. 185\/1999 e successive modifiche sulle vendite a distanza.<\/p>\n<p><BR \/><\/p>\n<h4>Ordini:<\/h4>\n<p>Per acquistare i prodotti nello shop della Azienda Agricola Villa Magna, il cliente dovr\u00e0 seguire le indicazioni del carrello e procedere al pagamento nelle forme indicate di seguito salvo diversi accordi tra le parti. I prezzi indicati nel carrello in valuta EURO sono quelli finali per l\u2019acquirente comprensivi di IVA.<br \/>\nNon esiste un ordine minimo.<br \/>\nIl prodotto consegnato al cliente rispecchia quello visualizzato sullo shop ma pu\u00f2 differire per confezione, colore di etichetta, immagini, diciture linguistiche in ottemperanza all\u2019entrata in vigore di nuove norme sull\u2019etichettatura del prodotto conservato. L\u2019Azienda Agricola Villa Magna non si ritiene responsabile per eventuali incongruenze tra le foto presentate sul sito (che non hanno vincolo contrattuale) e il prodotto consegnato.<\/p>\n<p><BR \/><\/p>\n<h4>Modalit\u00e0 di pagamento:<\/h4>\n<p>\u00c8 possibile acquistare con pagamento tramite:<\/p>\n<ul>\n<li>Bonifico bancario<\/li>\n<li>Contrassegno (solo per l\u2019Italia)<\/li>\n<li>PayPal<\/li>\n<\/ul>\n<p><BR \/><\/p>\n<p><strong>Bonifico Bancario:<\/strong><br \/>\n<em>INTESA SANPAOLO s.p.a.<br \/>\nAgenzia via Roma 4, 52100 Arezzo, Italia<br \/>\nConto corrente intestato a: AZIENDA AGRICOLA VILLA MAGNA di PIOMBONI MILVA<br \/>\nIBAN: IT94 V030 6914 1031 0000 0014 028<\/p>\n<p>Causale: Acquisto prodotti da www.villamagnatartufi.com, indicare il nome dell\u2019acquirente e il numero d&#8217;ordine.<br \/>\nCon il bonifico bancario anticipato, gli ordini saranno evasi solo all\u2019accredito della somma dovuta sul conto corrente dell\u2019azienda Agricola Villa Magna.<br \/>\nIl cliente deve inviare copia dell\u2019avvenuto pagamento a info@villamagnatartufi.com<br \/>\n<BR \/><br \/>\n<strong>Contrassegno:<\/strong> prima di scegliere questa modalit\u00e0 di pagamento valida solo per l&#8217;italia, vi preghiamo di contattarci via e-mail.<br \/>\n<BR \/><br \/>\n<strong>PayPal:<\/strong> il pagamento si effettua utilizzando le Carte di Credito come American Express, Visa, MasterCard e altre tramite transazione on line PayPal. Per la sicurezza di questo circuito si rinvia a: www.paypal.com<br \/>\nVilla Magna non \u00e8 responsabile dell&#8217;eventuale uso fraudolento ed illecito che possa essere fatto da parte di terzi di carte di credito all&#8217;atto del pagamento dei prodotti acquistati in questo sito internet.<\/p>\n<p><BR \/><\/p>\n<h4>Spedizioni:<\/h4>\n<p>L\u2019ordine verr\u00e0 evaso solitamente entro 2 giorni lavorativi dal ricevimento effettivo del pagamento, tramite corriere espresso. In Italia, normalmente la consegna \u00e8 fatta in 2\/3 giorni precisando che i tempi sono solo indicativi in quanto possono variare da zona a zona.<br \/>\nPer spedizioni fuori Italia si prega di contattare direttamente l\u2019azienda per avere un preventivo di spesa in base al paese di destinazione.<br \/>\nLa Villa Magna non si assume responsabilit\u00e0 per ritardi nelle consegne imputabili a corrieri o a cause di forza maggiore.<\/p>\n<p><BR \/><\/p>\n<h4>Diritto di recesso:<\/h4>\n<p>Per gli acquisiti online \u00e8 previsto il <strong>diritto di recesso<\/strong> al fine di tutelare il consumatore che acquista un bene a distanza ai sensi dell\u2019art. 5 Decreto Legislativo 22 maggio 1999, n. 185, Decreto Legislativo 6 settembre 2005, n. 206 &#8211; Codice del consumo &#8211; e successive modifiche ad opera del Decreto Legislativo 21 febbraio 2014, n. 21.<\/p>\n<p>Il diritto di recesso si esercita con l\u2019invio entro il termine di 14 GIORNI dalla ricezione della merce di una comunicazione non motivata scritta utilizzando il modulo standard tipo di recesso, inviato all\u2019Azienda Agricola Villa Magna, sede operativa localit\u00e0 Campriano 41\/c Arezzo 52100, Italia, mediante lettera raccomandata con avviso di ricevimento. La comunicazione pu\u00f2 essere inviata, entro lo stesso termine, anche con posta elettronica certificata (villamagnatartufi@pec.it), oppure con e-mail ordinaria (info@villamagnatartufi.com), accertandosi della ricezione della stessa da parte del fornitore.<\/p>\n<p>A garanzia del consumatore, per il corretto esercizio del diritto di recesso la Villa Magna suggerisce comunque di contattare telefonicamente l\u2019azienda al +39 0575 904700 per concordare la procedura pi\u00f9 snella e meno onerosa per entrambe le parti.<br \/>\nQualora sia avvenuta la consegna del bene, il consumatore \u00e8 tenuto a restituirlo o a metterlo a disposizione del fornitore entro 14 giorni lavorativi che decorrono dalla data del ricevimento del bene.<\/p>\n<p>Per esercitare il recesso \u00e8 essenziale che i beni siano integri, non manomessi e non consumati e che l\u2019oggetto abbia la confezione originale anche se non pi\u00f9 integra.<\/p>\n<p>Il fornitore \u00e8 tenuto al rimborso delle somme versate dal consumatore comprensive delle sole spese di trasporto del primo invio e comunque non prima della ricezione dei beni o della prova della spedizione degli stessi.<br \/>\nLe spese di restituzione della merce sono a carico del consumatore. Il rimborso verr\u00e0 fatto secondo la modalit\u00e0 indicata nel modulo di recesso entro 14 giorni dalla data in cui il fornitore \u00e8 venuto a conoscenza dell\u2019esercizio del diritto di recesso.<\/p>\n<p>Il diritto di recesso \u00e8 per\u00f2 escluso:<\/p>\n<ul>\n<li>Per i beni deperibili, quindi per il tartufo fresco (art. 59, lettera d, decreto legislativo n. 206 del 2005)<\/li>\n<li>Qualora l\u2019acquirente sia un\u2019azienda o un professionista, in quanto il recesso \u00e8 un diritto esclusivo del consumatore<\/li>\n<\/ul>\n<p><BR \/><\/p>\n<h4>Reclami e comunicazioni:<\/h4>\n<p>Per ogni tipo di reclamo o richiesta informazioni potete scrivere a:<\/p>\n<p><a href=\"mailto:info@villamagnatartufi.com\">info@villamagnatartufi.com<\/a><\/p>\n<p><BR \/><\/p>\n<h4>Diritti Riservati:<\/h4>\n<p>Il sito Internet www.villamagantartufi.com \u00e8 di propriet\u00e0 dell\u2019Azienda Agricola Villa Magna di Piomboni Milva con sede in Arezzo, loc. Campriano 41\/c. Tutti i diritti sono riservati. Ogni forma non autorizzata di utilizzo e riproduzione degli elementi (immagini, testi e altro) in questo sito \u00e8 vietata.<\/p>\n","protected":false},"excerpt":{"rendered":"<p>Condizioni generali di vendita: L\u2019Azienda Agricola Villa Magna, attraverso il suo negozio on-line, vende sia [&hellip;]<\/p>\n","protected":false},"author":1,"featured_media":7386,"parent":0,"menu_order":0,"comment_status":"closed","ping_status":"closed","template":"template-page-fullwidth.php","meta":{"footnotes":""},"class_list":["post-154","page","type-page","status-publish","has-post-thumbnail","hentry"],"yoast_head":"<!-- This site is optimized with the Yoast SEO plugin v26.8 - https:\/\/yoast.com\/product\/yoast-seo-wordpress\/ -->\n<title>Condizioni di vendita - Villa Magna Tartufi<\/title>\n<meta name=\"description\" content=\"La vendita del Tartufo fresco e conservato da parte di Villa Magna Tartufi \u00e8 regolata dalle Condizioni Generali di vendita, art. 3,4 Dlgs n. 185\/1999\" \/>\n<meta name=\"robots\" content=\"index, follow, max-snippet:-1, max-image-preview:large, max-video-preview:-1\" \/>\n<link rel=\"canonical\" href=\"https:\/\/www.villamagnatartufi.com\/it\/condizioni-di-vendita\/\" \/>\n<meta property=\"og:locale\" content=\"it_IT\" \/>\n<meta property=\"og:type\" content=\"article\" \/>\n<meta property=\"og:title\" content=\"Condizioni di vendita - Villa Magna Tartufi\" \/>\n<meta property=\"og:description\" content=\"La vendita del Tartufo fresco e conservato da parte di Villa Magna Tartufi \u00e8 regolata dalle Condizioni Generali di vendita, art. 3,4 Dlgs n. 185\/1999\" \/>\n<meta property=\"og:url\" content=\"https:\/\/www.villamagnatartufi.com\/it\/condizioni-di-vendita\/\" \/>\n<meta property=\"og:site_name\" content=\"Villa Magna Tartufi\" \/>\n<meta property=\"article:modified_time\" content=\"2022-03-15T08:44:27+00:00\" \/>\n<meta property=\"og:image\" content=\"https:\/\/www.villamagnatartufi.com\/wp-content\/uploads\/2018\/03\/img-pagine-villa-magna-9.jpg\" \/>\n\t<meta property=\"og:image:width\" content=\"1600\" \/>\n\t<meta property=\"og:image:height\" content=\"715\" \/>\n\t<meta property=\"og:image:type\" content=\"image\/jpeg\" \/>\n<meta name=\"twitter:card\" content=\"summary_large_image\" \/>\n<meta name=\"twitter:label1\" content=\"Tempo di lettura stimato\" \/>\n\t<meta name=\"twitter:data1\" content=\"4 minuti\" \/>\n<script type=\"application\/ld+json\" class=\"yoast-schema-graph\">{\"@context\":\"https:\/\/schema.org\",\"@graph\":[{\"@type\":\"WebPage\",\"@id\":\"https:\/\/www.villamagnatartufi.com\/it\/condizioni-di-vendita\/\",\"url\":\"https:\/\/www.villamagnatartufi.com\/it\/condizioni-di-vendita\/\",\"name\":\"Condizioni di vendita - Villa Magna Tartufi\",\"isPartOf\":{\"@id\":\"https:\/\/www.villamagnatartufi.com\/#website\"},\"primaryImageOfPage\":{\"@id\":\"https:\/\/www.villamagnatartufi.com\/it\/condizioni-di-vendita\/#primaryimage\"},\"image\":{\"@id\":\"https:\/\/www.villamagnatartufi.com\/it\/condizioni-di-vendita\/#primaryimage\"},\"thumbnailUrl\":\"https:\/\/www.villamagnatartufi.com\/wp-content\/uploads\/2018\/03\/img-pagine-villa-magna-9.jpg\",\"datePublished\":\"2018-01-15T12:06:37+00:00\",\"dateModified\":\"2022-03-15T08:44:27+00:00\",\"description\":\"La vendita del Tartufo fresco e conservato da parte di Villa Magna Tartufi \u00e8 regolata dalle Condizioni Generali di vendita, art. 3,4 Dlgs n. 185\/1999\",\"breadcrumb\":{\"@id\":\"https:\/\/www.villamagnatartufi.com\/it\/condizioni-di-vendita\/#breadcrumb\"},\"inLanguage\":\"it-IT\",\"potentialAction\":[{\"@type\":\"ReadAction\",\"target\":[\"https:\/\/www.villamagnatartufi.com\/it\/condizioni-di-vendita\/\"]}]},{\"@type\":\"ImageObject\",\"inLanguage\":\"it-IT\",\"@id\":\"https:\/\/www.villamagnatartufi.com\/it\/condizioni-di-vendita\/#primaryimage\",\"url\":\"https:\/\/www.villamagnatartufi.com\/wp-content\/uploads\/2018\/03\/img-pagine-villa-magna-9.jpg\",\"contentUrl\":\"https:\/\/www.villamagnatartufi.com\/wp-content\/uploads\/2018\/03\/img-pagine-villa-magna-9.jpg\",\"width\":1600,\"height\":715},{\"@type\":\"BreadcrumbList\",\"@id\":\"https:\/\/www.villamagnatartufi.com\/it\/condizioni-di-vendita\/#breadcrumb\",\"itemListElement\":[{\"@type\":\"ListItem\",\"position\":1,\"name\":\"Home\",\"item\":\"https:\/\/www.villamagnatartufi.com\/it\/\"},{\"@type\":\"ListItem\",\"position\":2,\"name\":\"Condizioni di vendita\"}]},{\"@type\":\"WebSite\",\"@id\":\"https:\/\/www.villamagnatartufi.com\/#website\",\"url\":\"https:\/\/www.villamagnatartufi.com\/\",\"name\":\"Villa Magna Tartufi\",\"description\":\"Villa Magna Tartufi\",\"potentialAction\":[{\"@type\":\"SearchAction\",\"target\":{\"@type\":\"EntryPoint\",\"urlTemplate\":\"https:\/\/www.villamagnatartufi.com\/?s={search_term_string}\"},\"query-input\":{\"@type\":\"PropertyValueSpecification\",\"valueRequired\":true,\"valueName\":\"search_term_string\"}}],\"inLanguage\":\"it-IT\"}]}<\/script>\n<!-- \/ Yoast SEO plugin. -->","yoast_head_json":{"title":"Condizioni di vendita - Villa Magna Tartufi","description":"La vendita del Tartufo fresco e conservato da parte di Villa Magna Tartufi \u00e8 regolata dalle Condizioni Generali di vendita, art. 3,4 Dlgs n. 185\/1999","robots":{"index":"index","follow":"follow","max-snippet":"max-snippet:-1","max-image-preview":"max-image-preview:large","max-video-preview":"max-video-preview:-1"},"canonical":"https:\/\/www.villamagnatartufi.com\/it\/condizioni-di-vendita\/","og_locale":"it_IT","og_type":"article","og_title":"Condizioni di vendita - Villa Magna Tartufi","og_description":"La vendita del Tartufo fresco e conservato da parte di Villa Magna Tartufi \u00e8 regolata dalle Condizioni Generali di vendita, art. 3,4 Dlgs n. 185\/1999","og_url":"https:\/\/www.villamagnatartufi.com\/it\/condizioni-di-vendita\/","og_site_name":"Villa Magna Tartufi","article_modified_time":"2022-03-15T08:44:27+00:00","og_image":[{"width":1600,"height":715,"url":"https:\/\/www.villamagnatartufi.com\/wp-content\/uploads\/2018\/03\/img-pagine-villa-magna-9.jpg","type":"image\/jpeg"}],"twitter_card":"summary_large_image","twitter_misc":{"Tempo di lettura stimato":"4 minuti"},"schema":{"@context":"https:\/\/schema.org","@graph":[{"@type":"WebPage","@id":"https:\/\/www.villamagnatartufi.com\/it\/condizioni-di-vendita\/","url":"https:\/\/www.villamagnatartufi.com\/it\/condizioni-di-vendita\/","name":"Condizioni di vendita - Villa Magna Tartufi","isPartOf":{"@id":"https:\/\/www.villamagnatartufi.com\/#website"},"primaryImageOfPage":{"@id":"https:\/\/www.villamagnatartufi.com\/it\/condizioni-di-vendita\/#primaryimage"},"image":{"@id":"https:\/\/www.villamagnatartufi.com\/it\/condizioni-di-vendita\/#primaryimage"},"thumbnailUrl":"https:\/\/www.villamagnatartufi.com\/wp-content\/uploads\/2018\/03\/img-pagine-villa-magna-9.jpg","datePublished":"2018-01-15T12:06:37+00:00","dateModified":"2022-03-15T08:44:27+00:00","description":"La vendita del Tartufo fresco e conservato da parte di Villa Magna Tartufi \u00e8 regolata dalle Condizioni Generali di vendita, art. 3,4 Dlgs n. 185\/1999","breadcrumb":{"@id":"https:\/\/www.villamagnatartufi.com\/it\/condizioni-di-vendita\/#breadcrumb"},"inLanguage":"it-IT","potentialAction":[{"@type":"ReadAction","target":["https:\/\/www.villamagnatartufi.com\/it\/condizioni-di-vendita\/"]}]},{"@type":"ImageObject","inLanguage":"it-IT","@id":"https:\/\/www.villamagnatartufi.com\/it\/condizioni-di-vendita\/#primaryimage","url":"https:\/\/www.villamagnatartufi.com\/wp-content\/uploads\/2018\/03\/img-pagine-villa-magna-9.jpg","contentUrl":"https:\/\/www.villamagnatartufi.com\/wp-content\/uploads\/2018\/03\/img-pagine-villa-magna-9.jpg","width":1600,"height":715},{"@type":"BreadcrumbList","@id":"https:\/\/www.villamagnatartufi.com\/it\/condizioni-di-vendita\/#breadcrumb","itemListElement":[{"@type":"ListItem","position":1,"name":"Home","item":"https:\/\/www.villamagnatartufi.com\/it\/"},{"@type":"ListItem","position":2,"name":"Condizioni di vendita"}]},{"@type":"WebSite","@id":"https:\/\/www.villamagnatartufi.com\/#website","url":"https:\/\/www.villamagnatartufi.com\/","name":"Villa Magna Tartufi","description":"Villa Magna Tartufi","potentialAction":[{"@type":"SearchAction","target":{"@type":"EntryPoint","urlTemplate":"https:\/\/www.villamagnatartufi.com\/?s={search_term_string}"},"query-input":{"@type":"PropertyValueSpecification","valueRequired":true,"valueName":"search_term_string"}}],"inLanguage":"it-IT"}]}},"_links":{"self":[{"href":"https:\/\/www.villamagnatartufi.com\/it\/wp-json\/wp\/v2\/pages\/154","targetHints":{"allow":["GET"]}}],"collection":[{"href":"https:\/\/www.villamagnatartufi.com\/it\/wp-json\/wp\/v2\/pages"}],"about":[{"href":"https:\/\/www.villamagnatartufi.com\/it\/wp-json\/wp\/v2\/types\/page"}],"author":[{"embeddable":true,"href":"https:\/\/www.villamagnatartufi.com\/it\/wp-json\/wp\/v2\/users\/1"}],"replies":[{"embeddable":true,"href":"https:\/\/www.villamagnatartufi.com\/it\/wp-json\/wp\/v2\/comments?post=154"}],"version-history":[{"count":6,"href":"https:\/\/www.villamagnatartufi.com\/it\/wp-json\/wp\/v2\/pages\/154\/revisions"}],"predecessor-version":[{"id":22777,"href":"https:\/\/www.villamagnatartufi.com\/it\/wp-json\/wp\/v2\/pages\/154\/revisions\/22777"}],"wp:featuredmedia":[{"embeddable":true,"href":"https:\/\/www.villamagnatartufi.com\/it\/wp-json\/wp\/v2\/media\/7386"}],"wp:attachment":[{"href":"https:\/\/www.villamagnatartufi.com\/it\/wp-json\/wp\/v2\/media?parent=154"}],"curies":[{"name":"wp","href":"https:\/\/api.w.org\/{rel}","templated":true}]}}