{"id":161,"date":"2018-01-15T12:07:35","date_gmt":"2018-01-15T12:07:35","guid":{"rendered":"https:\/\/www.villamagnatartufi.com\/?page_id=161"},"modified":"2024-03-20T23:33:18","modified_gmt":"2024-03-20T22:33:18","slug":"rivenditori","status":"publish","type":"page","link":"https:\/\/www.villamagnatartufi.com\/it\/rivenditori\/","title":{"rendered":"Rivenditori"},"content":{"rendered":"<p>Grazie alla conoscenza del territorio di produzione e alla raccolta diretta di tartufo, nel corso degli anni abbiamo prima sperimentato e poi selezionato una linea di prodotti conservati con l\u2019obbiettivo di mantenere il pi\u00f9 possibile inalterate le propriet\u00e0 organolettiche del prodotto fresco.<br \/>\nLe nostre specialit\u00e0 a base di tartufo risultano cos\u00ec appetitose, pratiche nelle modalit\u00e0 di conservazione e adatte a soddisfare i palati pi\u00f9 svariati.<br \/>\nCrediamo per\u00f2, nell&#8217;ottica di un mercato sempre pi\u00f9 globalizzato, che il nostro prodotto debba essere valorizzato e promosso oltre che da noi anche da altre aziende e professionisti specializzati.<\/p>\n<p><strong>Ai ristoratori, rivenditori e dettaglianti interessati proponiamo<\/strong>:<\/p>\n<ul>\n<li>Listino prezzi personalizzato.<\/li>\n<li>Possibilit\u00e0 di vari formati oltre quelli a catalogo.<\/li>\n<li>Etichette personalizzate con logo e nome commerciale del rivenditore.<\/li>\n<li>Quotazioni aggiornate del tartufo fresco.<\/li>\n<\/ul>\n<p>Abbiamo esperienza con le spedizioni internazionali sia di tartufo fresco che conservato.<br \/>\nFuori Comunit\u00e0 Europea, variando la normativa e la documentazione da Paese a Paese, per verificare se possiamo servire la vostra zona e per maggiori informazioni, si prega di contattarci.<\/p>\n<p><a href=\"#contact\">CONTATTA L&#8217;AZIENDA<\/a><\/p>\n<h3>Catalogo:<\/h3>\n<div align=\"center\">\n<a href=\"https:\/\/www.villamagnatartufi.com\/wp-content\/uploads\/2024\/03\/Villa-Magna-Tartufi-catalogo.pdf\" class=\"pdfemb-viewer\" style=\"width:600px;height:800px;\" data-width=\"600\" data-height=\"800\" data-toolbar=\"bottom\" data-toolbar-fixed=\"on\">Villa Magna Tartufi - catalogo<\/a>\n<\/div>\n\n<div class=\"wpcf7 no-js\" id=\"wpcf7-f6149-o1\" lang=\"it-IT\" dir=\"ltr\" data-wpcf7-id=\"6149\">\n<div class=\"screen-reader-response\"><p role=\"status\" aria-live=\"polite\" aria-atomic=\"true\"><\/p> <ul><\/ul><\/div>\n<form action=\"\/it\/wp-json\/wp\/v2\/pages\/161#wpcf7-f6149-o1\" method=\"post\" class=\"wpcf7-form init\" aria-label=\"Modulo di contatto\" novalidate=\"novalidate\" data-status=\"init\">\n<fieldset class=\"hidden-fields-container\"><input type=\"hidden\" name=\"_wpcf7\" value=\"6149\" \/><input type=\"hidden\" name=\"_wpcf7_version\" value=\"6.1.4\" \/><input type=\"hidden\" name=\"_wpcf7_locale\" value=\"it_IT\" \/><input type=\"hidden\" name=\"_wpcf7_unit_tag\" value=\"wpcf7-f6149-o1\" \/><input type=\"hidden\" name=\"_wpcf7_container_post\" value=\"0\" \/><input type=\"hidden\" name=\"_wpcf7_posted_data_hash\" value=\"\" \/>\n<\/fieldset>\n<h2>Contattaci\n<\/h2>\n<p>Per ulteriori informazioni su prezzi e disponibilit\u00e0 di tartufo fresco si prega di compilare questo modulo, risponderemo prima possibile. I campi contrassegnati dall'asterisco (<span style=\"color:red;\">*<\/span>) sono obbligatori.\n<\/p>\n<p><label> Nominativo <span style=\"color:red;\">*<\/span><br \/>\n<span class=\"wpcf7-form-control-wrap\" data-name=\"your-name\"><input size=\"40\" maxlength=\"400\" class=\"wpcf7-form-control wpcf7-text wpcf7-validates-as-required\" aria-required=\"true\" aria-invalid=\"false\" value=\"\" type=\"text\" name=\"your-name\" \/><\/span> <\/label>\n<\/p>\n<p><label> Email <span style=\"color:red;\">*<\/span><br \/>\n<span class=\"wpcf7-form-control-wrap\" data-name=\"your-email\"><input size=\"40\" maxlength=\"400\" class=\"wpcf7-form-control wpcf7-email wpcf7-validates-as-required wpcf7-text wpcf7-validates-as-email\" aria-required=\"true\" aria-invalid=\"false\" value=\"\" type=\"email\" name=\"your-email\" \/><\/span> <\/label>\n<\/p>\n<p><label> Telefono<br \/>\n<span class=\"wpcf7-form-control-wrap\" data-name=\"your-tel\"><input size=\"40\" maxlength=\"400\" class=\"wpcf7-form-control wpcf7-text\" aria-invalid=\"false\" value=\"\" type=\"text\" name=\"your-tel\" \/><\/span> <\/label>\n<\/p>\n<p><label> Messaggio <span style=\"color:red;\">*<\/span><br \/>\n<span class=\"wpcf7-form-control-wrap\" data-name=\"your-message\"><textarea cols=\"40\" rows=\"10\" maxlength=\"2000\" class=\"wpcf7-form-control wpcf7-textarea wpcf7-validates-as-required\" aria-required=\"true\" aria-invalid=\"false\" name=\"your-message\"><\/textarea><\/span> <\/label>\n<\/p>\n<p><span class=\"wpcf7-form-control-wrap\" data-name=\"acceptance-948\"><span class=\"wpcf7-form-control wpcf7-acceptance\"><span class=\"wpcf7-list-item\"><input type=\"checkbox\" name=\"acceptance-948\" value=\"1\" aria-invalid=\"false\" \/><\/span><\/span><\/span><span style=\"color:red;\">*<\/span> Inviando questo modulo, accetto il <a href=\"https:\/\/www.villamagnatartufi.com\/it\/privacy-policy-it\/\" target=\"_blank\">trattamento dei dati personali<\/a> secondo la normativa vigente.\n<\/p>\n<p>[anr_nocaptcha g-recaptcha-response]\n<\/p>\n<p><input class=\"wpcf7-form-control wpcf7-submit has-spinner\" type=\"submit\" value=\"Invia\" \/>\n<\/p><p style=\"display: none !important;\" class=\"akismet-fields-container\" data-prefix=\"_wpcf7_ak_\"><label>&#916;<textarea name=\"_wpcf7_ak_hp_textarea\" cols=\"45\" rows=\"8\" maxlength=\"100\"><\/textarea><\/label><input type=\"hidden\" id=\"ak_js_1\" name=\"_wpcf7_ak_js\" value=\"32\"\/><script>document.getElementById( \"ak_js_1\" ).setAttribute( \"value\", ( new Date() ).getTime() );<\/script><\/p><input type='hidden' class='wpcf7-pum' value='{\"closepopup\":false,\"closedelay\":0,\"openpopup\":false,\"openpopup_id\":0}' \/><div class=\"wpcf7-response-output\" aria-hidden=\"true\"><\/div>\n<\/form>\n<\/div>\n\n","protected":false},"excerpt":{"rendered":"<p>Grazie alla conoscenza del territorio di produzione e alla raccolta diretta di tartufo, nel corso [&hellip;]<\/p>\n","protected":false},"author":1,"featured_media":7376,"parent":0,"menu_order":0,"comment_status":"closed","ping_status":"closed","template":"template-page-fullwidth.php","meta":{"footnotes":""},"class_list":["post-161","page","type-page","status-publish","has-post-thumbnail","hentry"],"yoast_head":"<!-- This site is optimized with the Yoast SEO plugin v26.8 - https:\/\/yoast.com\/product\/yoast-seo-wordpress\/ -->\n<title>Rivenditori - Villa Magna Tartufi<\/title>\n<meta name=\"description\" content=\"A ristoratori, rivenditori e dettaglianti di tartufo offriamo: listino personalizzato, possibilit\u00e0 di vari formati, etichette personalizzate con logo e nome\" \/>\n<meta name=\"robots\" content=\"index, follow, max-snippet:-1, max-image-preview:large, max-video-preview:-1\" \/>\n<link rel=\"canonical\" href=\"https:\/\/www.villamagnatartufi.com\/it\/rivenditori\/\" \/>\n<meta property=\"og:locale\" content=\"it_IT\" \/>\n<meta property=\"og:type\" content=\"article\" \/>\n<meta property=\"og:title\" content=\"Rivenditori - Villa Magna Tartufi\" \/>\n<meta property=\"og:description\" content=\"A ristoratori, rivenditori e dettaglianti di tartufo offriamo: listino personalizzato, possibilit\u00e0 di vari formati, etichette personalizzate con logo e nome\" \/>\n<meta property=\"og:url\" content=\"https:\/\/www.villamagnatartufi.com\/it\/rivenditori\/\" \/>\n<meta property=\"og:site_name\" content=\"Villa Magna Tartufi\" \/>\n<meta property=\"article:modified_time\" content=\"2024-03-20T22:33:18+00:00\" \/>\n<meta property=\"og:image\" content=\"https:\/\/www.villamagnatartufi.com\/wp-content\/uploads\/2018\/03\/img-pagine-villa-magna-4.jpg\" \/>\n\t<meta property=\"og:image:width\" content=\"1600\" \/>\n\t<meta property=\"og:image:height\" content=\"715\" \/>\n\t<meta property=\"og:image:type\" content=\"image\/jpeg\" \/>\n<meta name=\"twitter:card\" content=\"summary_large_image\" \/>\n<meta name=\"twitter:label1\" content=\"Tempo di lettura stimato\" \/>\n\t<meta name=\"twitter:data1\" content=\"2 minuti\" \/>\n<script type=\"application\/ld+json\" class=\"yoast-schema-graph\">{\"@context\":\"https:\/\/schema.org\",\"@graph\":[{\"@type\":\"WebPage\",\"@id\":\"https:\/\/www.villamagnatartufi.com\/it\/rivenditori\/\",\"url\":\"https:\/\/www.villamagnatartufi.com\/it\/rivenditori\/\",\"name\":\"Rivenditori - Villa Magna Tartufi\",\"isPartOf\":{\"@id\":\"https:\/\/www.villamagnatartufi.com\/#website\"},\"primaryImageOfPage\":{\"@id\":\"https:\/\/www.villamagnatartufi.com\/it\/rivenditori\/#primaryimage\"},\"image\":{\"@id\":\"https:\/\/www.villamagnatartufi.com\/it\/rivenditori\/#primaryimage\"},\"thumbnailUrl\":\"https:\/\/www.villamagnatartufi.com\/wp-content\/uploads\/2018\/03\/img-pagine-villa-magna-4.jpg\",\"datePublished\":\"2018-01-15T12:07:35+00:00\",\"dateModified\":\"2024-03-20T22:33:18+00:00\",\"description\":\"A ristoratori, rivenditori e dettaglianti di tartufo offriamo: listino personalizzato, possibilit\u00e0 di vari formati, etichette personalizzate con logo e nome\",\"breadcrumb\":{\"@id\":\"https:\/\/www.villamagnatartufi.com\/it\/rivenditori\/#breadcrumb\"},\"inLanguage\":\"it-IT\",\"potentialAction\":[{\"@type\":\"ReadAction\",\"target\":[\"https:\/\/www.villamagnatartufi.com\/it\/rivenditori\/\"]}]},{\"@type\":\"ImageObject\",\"inLanguage\":\"it-IT\",\"@id\":\"https:\/\/www.villamagnatartufi.com\/it\/rivenditori\/#primaryimage\",\"url\":\"https:\/\/www.villamagnatartufi.com\/wp-content\/uploads\/2018\/03\/img-pagine-villa-magna-4.jpg\",\"contentUrl\":\"https:\/\/www.villamagnatartufi.com\/wp-content\/uploads\/2018\/03\/img-pagine-villa-magna-4.jpg\",\"width\":1600,\"height\":715},{\"@type\":\"BreadcrumbList\",\"@id\":\"https:\/\/www.villamagnatartufi.com\/it\/rivenditori\/#breadcrumb\",\"itemListElement\":[{\"@type\":\"ListItem\",\"position\":1,\"name\":\"Home\",\"item\":\"https:\/\/www.villamagnatartufi.com\/it\/\"},{\"@type\":\"ListItem\",\"position\":2,\"name\":\"Rivenditori\"}]},{\"@type\":\"WebSite\",\"@id\":\"https:\/\/www.villamagnatartufi.com\/#website\",\"url\":\"https:\/\/www.villamagnatartufi.com\/\",\"name\":\"Villa Magna Tartufi\",\"description\":\"Villa Magna Tartufi\",\"potentialAction\":[{\"@type\":\"SearchAction\",\"target\":{\"@type\":\"EntryPoint\",\"urlTemplate\":\"https:\/\/www.villamagnatartufi.com\/?s={search_term_string}\"},\"query-input\":{\"@type\":\"PropertyValueSpecification\",\"valueRequired\":true,\"valueName\":\"search_term_string\"}}],\"inLanguage\":\"it-IT\"}]}<\/script>\n<!-- \/ Yoast SEO plugin. -->","yoast_head_json":{"title":"Rivenditori - Villa Magna Tartufi","description":"A ristoratori, rivenditori e dettaglianti di tartufo offriamo: listino personalizzato, possibilit\u00e0 di vari formati, etichette personalizzate con logo e nome","robots":{"index":"index","follow":"follow","max-snippet":"max-snippet:-1","max-image-preview":"max-image-preview:large","max-video-preview":"max-video-preview:-1"},"canonical":"https:\/\/www.villamagnatartufi.com\/it\/rivenditori\/","og_locale":"it_IT","og_type":"article","og_title":"Rivenditori - Villa Magna Tartufi","og_description":"A ristoratori, rivenditori e dettaglianti di tartufo offriamo: listino personalizzato, possibilit\u00e0 di vari formati, etichette personalizzate con logo e nome","og_url":"https:\/\/www.villamagnatartufi.com\/it\/rivenditori\/","og_site_name":"Villa Magna Tartufi","article_modified_time":"2024-03-20T22:33:18+00:00","og_image":[{"width":1600,"height":715,"url":"https:\/\/www.villamagnatartufi.com\/wp-content\/uploads\/2018\/03\/img-pagine-villa-magna-4.jpg","type":"image\/jpeg"}],"twitter_card":"summary_large_image","twitter_misc":{"Tempo di lettura stimato":"2 minuti"},"schema":{"@context":"https:\/\/schema.org","@graph":[{"@type":"WebPage","@id":"https:\/\/www.villamagnatartufi.com\/it\/rivenditori\/","url":"https:\/\/www.villamagnatartufi.com\/it\/rivenditori\/","name":"Rivenditori - Villa Magna Tartufi","isPartOf":{"@id":"https:\/\/www.villamagnatartufi.com\/#website"},"primaryImageOfPage":{"@id":"https:\/\/www.villamagnatartufi.com\/it\/rivenditori\/#primaryimage"},"image":{"@id":"https:\/\/www.villamagnatartufi.com\/it\/rivenditori\/#primaryimage"},"thumbnailUrl":"https:\/\/www.villamagnatartufi.com\/wp-content\/uploads\/2018\/03\/img-pagine-villa-magna-4.jpg","datePublished":"2018-01-15T12:07:35+00:00","dateModified":"2024-03-20T22:33:18+00:00","description":"A ristoratori, rivenditori e dettaglianti di tartufo offriamo: listino personalizzato, possibilit\u00e0 di vari formati, etichette personalizzate con logo e nome","breadcrumb":{"@id":"https:\/\/www.villamagnatartufi.com\/it\/rivenditori\/#breadcrumb"},"inLanguage":"it-IT","potentialAction":[{"@type":"ReadAction","target":["https:\/\/www.villamagnatartufi.com\/it\/rivenditori\/"]}]},{"@type":"ImageObject","inLanguage":"it-IT","@id":"https:\/\/www.villamagnatartufi.com\/it\/rivenditori\/#primaryimage","url":"https:\/\/www.villamagnatartufi.com\/wp-content\/uploads\/2018\/03\/img-pagine-villa-magna-4.jpg","contentUrl":"https:\/\/www.villamagnatartufi.com\/wp-content\/uploads\/2018\/03\/img-pagine-villa-magna-4.jpg","width":1600,"height":715},{"@type":"BreadcrumbList","@id":"https:\/\/www.villamagnatartufi.com\/it\/rivenditori\/#breadcrumb","itemListElement":[{"@type":"ListItem","position":1,"name":"Home","item":"https:\/\/www.villamagnatartufi.com\/it\/"},{"@type":"ListItem","position":2,"name":"Rivenditori"}]},{"@type":"WebSite","@id":"https:\/\/www.villamagnatartufi.com\/#website","url":"https:\/\/www.villamagnatartufi.com\/","name":"Villa Magna Tartufi","description":"Villa Magna Tartufi","potentialAction":[{"@type":"SearchAction","target":{"@type":"EntryPoint","urlTemplate":"https:\/\/www.villamagnatartufi.com\/?s={search_term_string}"},"query-input":{"@type":"PropertyValueSpecification","valueRequired":true,"valueName":"search_term_string"}}],"inLanguage":"it-IT"}]}},"_links":{"self":[{"href":"https:\/\/www.villamagnatartufi.com\/it\/wp-json\/wp\/v2\/pages\/161","targetHints":{"allow":["GET"]}}],"collection":[{"href":"https:\/\/www.villamagnatartufi.com\/it\/wp-json\/wp\/v2\/pages"}],"about":[{"href":"https:\/\/www.villamagnatartufi.com\/it\/wp-json\/wp\/v2\/types\/page"}],"author":[{"embeddable":true,"href":"https:\/\/www.villamagnatartufi.com\/it\/wp-json\/wp\/v2\/users\/1"}],"replies":[{"embeddable":true,"href":"https:\/\/www.villamagnatartufi.com\/it\/wp-json\/wp\/v2\/comments?post=161"}],"version-history":[{"count":10,"href":"https:\/\/www.villamagnatartufi.com\/it\/wp-json\/wp\/v2\/pages\/161\/revisions"}],"predecessor-version":[{"id":25032,"href":"https:\/\/www.villamagnatartufi.com\/it\/wp-json\/wp\/v2\/pages\/161\/revisions\/25032"}],"wp:featuredmedia":[{"embeddable":true,"href":"https:\/\/www.villamagnatartufi.com\/it\/wp-json\/wp\/v2\/media\/7376"}],"wp:attachment":[{"href":"https:\/\/www.villamagnatartufi.com\/it\/wp-json\/wp\/v2\/media?parent=161"}],"curies":[{"name":"wp","href":"https:\/\/api.w.org\/{rel}","templated":true}]}}