{"id":168,"date":"2018-01-15T12:09:58","date_gmt":"2018-01-15T12:09:58","guid":{"rendered":"https:\/\/www.villamagnatartufi.com\/?page_id=168"},"modified":"2024-03-05T14:25:05","modified_gmt":"2024-03-05T13:25:05","slug":"il-tartufo","status":"publish","type":"page","link":"https:\/\/www.villamagnatartufi.com\/it\/il-tartufo\/","title":{"rendered":"Il Tartufo"},"content":{"rendered":"<h1>Cos&#8217;\u00e8 il Tartufo<\/h1>\n<p>Il tartufo \u00e8 un fungo ipogeo poich\u00e9 vive sotto terra. \u00c8 un simbionte perch\u00e9 \u00e8 in stretto rapporto con un albero o un arbusto, con il quale scambia le sostanze nutritive, e micorrizico poich\u00e9 produce le cosiddette micorrize. Appartiene alla categoria degli ascomiceti, poich\u00e9 ha le spore racchiuse all\u2019interno di un asco, fa parte dell\u2019ordine delle tuberales, famiglia tuberacee genere <i>tuber<\/i>. \u00c8 caratterizzato dal particolare profumo e si identifica nelle varie specie.<br \/>\nLa sua composizione chimica \u00e8:<\/p>\n<ul>\n<li>Circa 80% acqua.<\/li>\n<li>Circa 15% cellulosa e fibre.<\/li>\n<li>Circa 3% proteine e lipidi.<\/li>\n<li>Circa 2% sali e fosfati.<\/li>\n<li>Circa 0,01% oli essenziali che caratterizzano i profumi.<\/li>\n<\/ul>\n<h2>Le specie di Tartufo<\/h2>\n<p>L\u2019azienda agricola Villa Magna raccoglie e commercializza nel rispetto della normativa vigente in materia (Legge Regionale 11 aprile 1995 n. 50) le seguenti specie principali di tartufi freschi:<\/p>\n<ul>\n<li><a href=\"#tartufobianco\">Tartufo bianco pregiato<\/a> (<em>Tuber magnatum Pico<\/em>) in autunno.<\/li>\n<li><a href=\"#tartufoneropregiato\">Tartufo nero pregiato<\/a> (<em>Tuber melanosporum Vitt.<\/em>) in autunno e in inverno.<\/li>\n<li><a href=\"#tartufonerouncinato\">Tartufo uncinato<\/a> (<em>Tuber uncinatum Chatin<\/em>) in autunno e in inverno.<\/li>\n<li><a href=\"#tartufobianchetto\">Tartufo bianchetto o marzuolo<\/a> (<em>Tuber borchii Vitt.<\/em> o <em>T.albidum Pico<\/em>) in inverno e in primavera.<\/li>\n<li><a href=\"#tartufoneroestivo\">Tartufo nero estivo o scorzone<\/a> (<em>Tuber aestivum Vitt.<\/em>) in estate.<\/li>\n<\/ul>\n<p><a name=\"tartufobianco\"><\/a><\/p>\n<h4><strong>Il Tartufo Bianco Pregiato (<em>Tuber magnatum Pico<\/em>)<\/strong><\/h4>\n<p><img loading=\"lazy\" decoding=\"async\" class=\"alignnone wp-image-24869 size-medium\" src=\"https:\/\/www.villamagnatartufi.com\/wp-content\/uploads\/2020\/11\/tuber-magnatum-300x200.jpg\" alt=\"\" width=\"300\" height=\"200\" srcset=\"https:\/\/www.villamagnatartufi.com\/wp-content\/uploads\/2020\/11\/tuber-magnatum-300x200.jpg 300w, https:\/\/www.villamagnatartufi.com\/wp-content\/uploads\/2020\/11\/tuber-magnatum-1024x683.jpg 1024w, https:\/\/www.villamagnatartufi.com\/wp-content\/uploads\/2020\/11\/tuber-magnatum-768x512.jpg 768w, https:\/\/www.villamagnatartufi.com\/wp-content\/uploads\/2020\/11\/tuber-magnatum-1536x1024.jpg 1536w, https:\/\/www.villamagnatartufi.com\/wp-content\/uploads\/2020\/11\/tuber-magnatum-2048x1365.jpg 2048w, https:\/\/www.villamagnatartufi.com\/wp-content\/uploads\/2020\/11\/tuber-magnatum-600x400.jpg 600w, https:\/\/www.villamagnatartufi.com\/wp-content\/uploads\/2020\/11\/tuber-magnatum-90x60.jpg 90w, https:\/\/www.villamagnatartufi.com\/wp-content\/uploads\/2020\/11\/tuber-magnatum-135x90.jpg 135w\" sizes=\"auto, (max-width: 300px) 100vw, 300px\" \/>La scorza o peridio, risulta essere di colore giallognolo a volte con tonalit\u00e0 verdastre o giallo ocra. La gleba o polpa si presenta giallastra con tonalit\u00e0 marrone o nocciola, talvolta con striature di colore rossastro e venature bianche sottilissime. La forma pu\u00f2 variare da rotonda (la pi\u00f9 apprezzata) a fortemente lobata e pi\u00f9 raramente schiacciata. Questa specie ha dimensioni variabili ed \u00e8 quella che pu\u00f2 raggiungere pezzature pi\u00f9 grandi, addirittura superiori ad 1,5 kg di peso. Normalmente matura da settembre a dicembre ma in talune annate pu\u00f2 anticipare o ritardare la maturazione. \u00c8 il tartufo con la T maiuscola poich\u00e9 \u00e8 il pi\u00f9 ambito e ricercato. Soprattutto nelle ultime stagioni di raccolta, a causa delle persistenti siccit\u00e0, \u00e8 stato ritrovato in quantit\u00e0 veramente ridotte, questo ne ha giustificato le alte quotazioni. \u00c8 considerato il re della cucina soprattutto per il suo intensissimo ed inebriante profumo. Deve essere cucinato crudo su piatti caldi che ne esaltino l\u2019aroma.<\/p>\n<p><a name=\"tartufoneropregiato\"><\/a><\/p>\n<h4><strong>Il Tartufo Nero Pregiato (<em>T. melanosporum Vitt.<\/em>)<\/strong><\/h4>\n<p>&nbsp;<\/p>\n<p><img loading=\"lazy\" decoding=\"async\" class=\"size-medium wp-image-24871\" src=\"https:\/\/www.villamagnatartufi.com\/wp-content\/uploads\/2020\/11\/tuber-melanosporum-Copia-300x159.jpg\" alt=\"\" width=\"300\" height=\"159\" srcset=\"https:\/\/www.villamagnatartufi.com\/wp-content\/uploads\/2020\/11\/tuber-melanosporum-Copia-300x159.jpg 300w, https:\/\/www.villamagnatartufi.com\/wp-content\/uploads\/2020\/11\/tuber-melanosporum-Copia-1024x542.jpg 1024w, https:\/\/www.villamagnatartufi.com\/wp-content\/uploads\/2020\/11\/tuber-melanosporum-Copia-768x406.jpg 768w, https:\/\/www.villamagnatartufi.com\/wp-content\/uploads\/2020\/11\/tuber-melanosporum-Copia-1536x812.jpg 1536w, https:\/\/www.villamagnatartufi.com\/wp-content\/uploads\/2020\/11\/tuber-melanosporum-Copia-2048x1083.jpg 2048w, https:\/\/www.villamagnatartufi.com\/wp-content\/uploads\/2020\/11\/tuber-melanosporum-Copia-600x317.jpg 600w, https:\/\/www.villamagnatartufi.com\/wp-content\/uploads\/2020\/11\/tuber-melanosporum-Copia-113x60.jpg 113w, https:\/\/www.villamagnatartufi.com\/wp-content\/uploads\/2020\/11\/tuber-melanosporum-Copia-170x90.jpg 170w\" sizes=\"auto, (max-width: 300px) 100vw, 300px\" \/><\/p>\n<p>La scorza o peridio, \u00e8 verrucosa, caratterizzata da verruche piccole e poco pronunciate di colore nero opaco. La gleba o polpa \u00e8 nera-violacea a piena maturazione con venature bianche sottili. La forma \u00e8 di solito tondeggiante negli esemplari provenienti da coltivazioni, molto pi\u00f9 irregolare o lobata in quelli provenienti da tartufaie naturali. Nelle coltivazioni si raggiungono le dimensioni pi\u00f9 grandi (circa 700\/800 gr) grazie alla presenza di un terreno pi\u00f9 sciolto e all\u2019irrigazione. Normalmente matura da dicembre a marzo. Questa specie conosciuta anche come tartufo del Perigord o tartufo di Norcia, \u00e8 stata sicuramente il pioniere nella alta cucina mondiale principalmente per due motivi: perch\u00e9 si presta molto bene ad essere impiegato in cottura sia nei primi che nei secondi piatti, e perch\u00e9 essendo il principale tartufo in Francia, \u00e8 stato valorizzato proprio dallo loro cucina e fatto conoscere in tutto il mondo prima degli altri.<\/p>\n<h4>&nbsp;<\/h4>\n<h4><strong>Il Tartufo Nero Uncinato (<em>T. uncinatum Chatin<\/em>)<\/strong><\/h4>\n<p><img loading=\"lazy\" decoding=\"async\" class=\"alignnone wp-image-24875 size-medium\" src=\"https:\/\/www.villamagnatartufi.com\/wp-content\/uploads\/2020\/11\/tuber-uncinatum-300x200.jpg\" alt=\"\" width=\"300\" height=\"200\" srcset=\"https:\/\/www.villamagnatartufi.com\/wp-content\/uploads\/2020\/11\/tuber-uncinatum-300x200.jpg 300w, https:\/\/www.villamagnatartufi.com\/wp-content\/uploads\/2020\/11\/tuber-uncinatum-1024x683.jpg 1024w, https:\/\/www.villamagnatartufi.com\/wp-content\/uploads\/2020\/11\/tuber-uncinatum-768x512.jpg 768w, https:\/\/www.villamagnatartufi.com\/wp-content\/uploads\/2020\/11\/tuber-uncinatum-1536x1024.jpg 1536w, https:\/\/www.villamagnatartufi.com\/wp-content\/uploads\/2020\/11\/tuber-uncinatum-2048x1365.jpg 2048w, https:\/\/www.villamagnatartufi.com\/wp-content\/uploads\/2020\/11\/tuber-uncinatum-600x400.jpg 600w, https:\/\/www.villamagnatartufi.com\/wp-content\/uploads\/2020\/11\/tuber-uncinatum-90x60.jpg 90w, https:\/\/www.villamagnatartufi.com\/wp-content\/uploads\/2020\/11\/tuber-uncinatum-135x90.jpg 135w\" sizes=\"auto, (max-width: 300px) 100vw, 300px\" \/>La scorza o peridio, \u00e8 di colore nerastro, verrucosa, caratterizzata da verruche pi\u00f9 ridotte rispetto a quelle del tartufo scorzone. La gleba o polpa \u00e8 di colore nocciola o marrone scuro con venature bianche ramificate.<br \/>\nLa forma principalmente tondeggiante talvolta anche leggermente irregolare Di dimensioni pi\u00f9 contenute rispetto allo scorzone. Matura da ottobre a gennaio.<br \/>\nIn cucina l\u2019aroma gradevole e il sapore gustoso ne fanno una specie che ben si presta ai pi\u00f9 svariati impieghi sia crudo che cotto.<br \/>\nNegli ultimi anni sta riscuotendo un ottimo successo anche nei mercati esteri.<\/p>\n<p><a name=\"tartufobianchetto\"><\/a><\/p>\n<h4><strong>Il Tartufo Bianchetto o Marzuolo (<em>Tuber borchii Vitt.<\/em> or <em>T.albidum Pico<\/em>)<\/strong><\/h4>\n<p><img loading=\"lazy\" decoding=\"async\" class=\"alignnone wp-image-24883 size-medium\" src=\"https:\/\/www.villamagnatartufi.com\/wp-content\/uploads\/2023\/03\/tuber-borchii-300x300.jpg\" alt=\"\" width=\"300\" height=\"300\" srcset=\"https:\/\/www.villamagnatartufi.com\/wp-content\/uploads\/2023\/03\/tuber-borchii-300x300.jpg 300w, https:\/\/www.villamagnatartufi.com\/wp-content\/uploads\/2023\/03\/tuber-borchii-1024x1024.jpg 1024w, https:\/\/www.villamagnatartufi.com\/wp-content\/uploads\/2023\/03\/tuber-borchii-150x150.jpg 150w, https:\/\/www.villamagnatartufi.com\/wp-content\/uploads\/2023\/03\/tuber-borchii-768x768.jpg 768w, https:\/\/www.villamagnatartufi.com\/wp-content\/uploads\/2023\/03\/tuber-borchii-400x400.jpg 400w, https:\/\/www.villamagnatartufi.com\/wp-content\/uploads\/2023\/03\/tuber-borchii-600x600.jpg 600w, https:\/\/www.villamagnatartufi.com\/wp-content\/uploads\/2023\/03\/tuber-borchii-100x100.jpg 100w, https:\/\/www.villamagnatartufi.com\/wp-content\/uploads\/2023\/03\/tuber-borchii-60x60.jpg 60w, https:\/\/www.villamagnatartufi.com\/wp-content\/uploads\/2023\/03\/tuber-borchii-90x90.jpg 90w, https:\/\/www.villamagnatartufi.com\/wp-content\/uploads\/2023\/03\/tuber-borchii.jpg 1200w\" sizes=\"auto, (max-width: 300px) 100vw, 300px\" \/>La scorza o peridio, risulta essere liscia e di colore chiaro dal rossastro al bianco ocra. La gleba \u00e8 di polpa chiara o rossiccia con venature bianche grandi e rade. La forma \u00e8 variabile tendenzialmente tondeggiante. Questa specie ha dimensioni normalmente piccole dalla nocciola alla ciliegia, eccezionalmente grandi come un uovo di gallina. Matura da gennaio ad aprile. Profumo deciso, intenso, a volte con toni agliacei nei pezzi raccolti nelle pinete, pi\u00f9 delicato in quelli raccolti sotto le querce. Finora non \u00e8 stato cos\u00ec promosso a causa delle dimensioni ridotte e della pi\u00f9 veloce deperibilit\u00e0, nonostante abbia una buona resa sul piatto.<\/p>\n<p><a name=\"tartufoneroestivo\"><\/a><\/p>\n<h4><strong>Il Tartufo Nero Estivo o Scorzone (<em>T. aestivum Vitt.<\/em>)<\/strong><\/h4>\n<p><img loading=\"lazy\" decoding=\"async\" class=\"alignnone wp-image-24873 size-medium\" src=\"https:\/\/www.villamagnatartufi.com\/wp-content\/uploads\/2020\/11\/tuber-aestivum-300x200.jpg\" alt=\"\" width=\"300\" height=\"200\" srcset=\"https:\/\/www.villamagnatartufi.com\/wp-content\/uploads\/2020\/11\/tuber-aestivum-300x200.jpg 300w, https:\/\/www.villamagnatartufi.com\/wp-content\/uploads\/2020\/11\/tuber-aestivum-1024x683.jpg 1024w, https:\/\/www.villamagnatartufi.com\/wp-content\/uploads\/2020\/11\/tuber-aestivum-768x512.jpg 768w, https:\/\/www.villamagnatartufi.com\/wp-content\/uploads\/2020\/11\/tuber-aestivum-1536x1024.jpg 1536w, https:\/\/www.villamagnatartufi.com\/wp-content\/uploads\/2020\/11\/tuber-aestivum-2048x1365.jpg 2048w, https:\/\/www.villamagnatartufi.com\/wp-content\/uploads\/2020\/11\/tuber-aestivum-600x400.jpg 600w, https:\/\/www.villamagnatartufi.com\/wp-content\/uploads\/2020\/11\/tuber-aestivum-90x60.jpg 90w, https:\/\/www.villamagnatartufi.com\/wp-content\/uploads\/2020\/11\/tuber-aestivum-135x90.jpg 135w\" sizes=\"auto, (max-width: 300px) 100vw, 300px\" \/>La scorza o peridio, si presenta a volte con grandi verruche pronunciate e appuntite di colore nero lucido. La gleba o polpa, \u00e8 di colore nocciola o marrone chiaro con venature bianche sottili. La forma \u00e8 variabile, raramente tondeggiante. Di dimensioni medie, spesso si raccolgono esemplari che superano i 500 gr. Matura da maggio a novembre. Ha un profumo tenue che aumenta a piena maturazione. \u00c8 il tartufo che si pu\u00f2 reperire con pi\u00f9 facilit\u00e0 e a prezzi pi\u00f9 bassi, per questo motivo \u00e8 il pi\u00f9 impiegato nei prodotti conservati.<\/p>\n<p><a name=\"tartufobiologico\"><\/a><\/p>\n<h2 style=\"text-align: center;\">Il Tartufo Biologico<\/h2>\n<p>L\u2019azienda agricola Villa Magna ha ottenuto da anni la certificazione biologica per le proprie produzioni in conformit\u00e0 dei regolamenti comunitari e successiva normativa nazionale, ed \u00e8 assoggetta all\u2019organismo di controllo \u201cSuolo e Salute\u201d. Nel mondo del tartufo la coltivazione biologica rappresenta una novit\u00e0 in quanto se \u00e8 vero che da una parte il tartufo fresco \u00e8 di per s\u00e9 bio, dall\u2019altra bisogna considerare la zona di crescita dello stesso. Pi\u00f9 nello specifico, essendo un fungo ipogeo, \u00e8 in grado di assorbire sostanze di vario tipo che trova nel terreno (come una spugna), ponendosi quindi la questione della provenienza e del rischio di possibili contaminazioni. Nel passato si sono gi\u00e0 avuti casi di ritrovamenti in natura di tartufi in aree inquinate, sia nel territorio italiano che all\u2019estero. Essendoci ancora oggi questo rischio potenziale, a garanzia dei propri clienti, l\u2019azienda Villa Magna adotta il metodo biologico per le proprie coltivazioni, fornendo un prodotto di cui si possa tracciare la filiera.<br \/>\n<span style=\"text-decoration: underline;\"><a title=\"Come si ottiene la Certificazione Biologica\" href=\"https:\/\/www.villamagnatartufi.com\/it\/approfondimenti\/si-ottiene-la-certificazione-biologica\/\" target=\"_blank\" rel=\"noopener noreferrer\">LEGGI ALTRO<\/a><\/span><\/p>\n<div class=\"su-row\">\n<div class=\"su-column su-column-size-1-2\"><div class=\"su-column-inner su-u-clearfix su-u-trim\">\n<p style=\"text-align: center;\">Per maggiorni informazioni sul <strong>Tartufo Biologico<\/strong> clicca sotto<\/p>\n<p><a href=\"http:\/\/organictruffle.it\/\" target=\"_blank\" rel=\"noopener noreferrer\"><img loading=\"lazy\" decoding=\"async\" class=\"aligncenter size-full wp-image-8170\" src=\"https:\/\/www.villamagnatartufi.com\/wp-content\/uploads\/2018\/04\/Organic-Truffle-2.png\" alt=\"\" width=\"168\" height=\"150\"><\/a><\/div><\/div>\n<div class=\"su-column su-column-size-1-2\"><div class=\"su-column-inner su-u-clearfix su-u-trim\">\n<p style=\"text-align: center;\">Clicca sotto per vedere la nostra <strong>Certificazione Biologica<\/strong><\/p>\n<p><a href=\"https:\/\/www.villamagnatartufi.com\/wp-content\/uploads\/2020\/04\/Organic-Certification-Certificazione-Biologica.pdf\" target=\"_blank\" rel=\"noopener noreferrer\"><img loading=\"lazy\" decoding=\"async\" class=\"aligncenter size-full wp-image-5974\" src=\"https:\/\/www.villamagnatartufi.com\/wp-content\/uploads\/2018\/01\/Logo-Suolo-e-Salute.jpg\" alt=\"Certificazione Biologica\" width=\"150\" height=\"150\" srcset=\"https:\/\/www.villamagnatartufi.com\/wp-content\/uploads\/2018\/01\/Logo-Suolo-e-Salute.jpg 150w, https:\/\/www.villamagnatartufi.com\/wp-content\/uploads\/2018\/01\/Logo-Suolo-e-Salute-100x100.jpg 100w\" sizes=\"auto, (max-width: 150px) 100vw, 150px\" \/><\/a><\/div><\/div>\n<\/div>\n","protected":false},"excerpt":{"rendered":"<p>Cos&#8217;\u00e8 il Tartufo Il tartufo \u00e8 un fungo ipogeo poich\u00e9 vive sotto terra. \u00c8 un [&hellip;]<\/p>\n","protected":false},"author":1,"featured_media":24886,"parent":0,"menu_order":0,"comment_status":"closed","ping_status":"closed","template":"template-page-fullwidth.php","meta":{"footnotes":""},"class_list":["post-168","page","type-page","status-publish","has-post-thumbnail","hentry"],"yoast_head":"<!-- This site is optimized with the Yoast SEO plugin v26.8 - https:\/\/yoast.com\/product\/yoast-seo-wordpress\/ -->\n<title>Il Tartufo - Villa Magna Tartufi<\/title>\n<meta name=\"description\" content=\"Il Tartufo \u00e8 un fungo ipogeo poich\u00e9 vive sotto terra..&quot;Tartufo Nero&quot;, &quot;Tartufo Bianco&quot;, &quot;Tartufo Nero Estivo&quot; &quot;Tartufo Bianchetto&quot;, Certificazione Biologica\" \/>\n<meta name=\"robots\" content=\"index, follow, max-snippet:-1, max-image-preview:large, max-video-preview:-1\" \/>\n<link rel=\"canonical\" href=\"https:\/\/www.villamagnatartufi.com\/it\/il-tartufo\/\" \/>\n<meta property=\"og:locale\" content=\"it_IT\" \/>\n<meta property=\"og:type\" content=\"article\" \/>\n<meta property=\"og:title\" content=\"Il Tartufo - Villa Magna Tartufi\" \/>\n<meta property=\"og:description\" content=\"Il Tartufo \u00e8 un fungo ipogeo poich\u00e9 vive sotto terra..&quot;Tartufo Nero&quot;, &quot;Tartufo Bianco&quot;, &quot;Tartufo Nero Estivo&quot; &quot;Tartufo Bianchetto&quot;, Certificazione Biologica\" \/>\n<meta property=\"og:url\" content=\"https:\/\/www.villamagnatartufi.com\/it\/il-tartufo\/\" \/>\n<meta property=\"og:site_name\" content=\"Villa Magna Tartufi\" \/>\n<meta property=\"article:modified_time\" content=\"2024-03-05T13:25:05+00:00\" \/>\n<meta property=\"og:image\" content=\"https:\/\/www.villamagnatartufi.com\/wp-content\/uploads\/2024\/03\/tartufo-fresco-Copia-2-scaled.jpg\" \/>\n\t<meta property=\"og:image:width\" content=\"2560\" \/>\n\t<meta property=\"og:image:height\" content=\"1671\" \/>\n\t<meta property=\"og:image:type\" content=\"image\/jpeg\" \/>\n<meta name=\"twitter:card\" content=\"summary_large_image\" \/>\n<meta name=\"twitter:label1\" content=\"Tempo di lettura stimato\" \/>\n\t<meta name=\"twitter:data1\" content=\"7 minuti\" \/>\n<script type=\"application\/ld+json\" class=\"yoast-schema-graph\">{\"@context\":\"https:\/\/schema.org\",\"@graph\":[{\"@type\":\"WebPage\",\"@id\":\"https:\/\/www.villamagnatartufi.com\/it\/il-tartufo\/\",\"url\":\"https:\/\/www.villamagnatartufi.com\/it\/il-tartufo\/\",\"name\":\"Il Tartufo - Villa Magna Tartufi\",\"isPartOf\":{\"@id\":\"https:\/\/www.villamagnatartufi.com\/#website\"},\"primaryImageOfPage\":{\"@id\":\"https:\/\/www.villamagnatartufi.com\/it\/il-tartufo\/#primaryimage\"},\"image\":{\"@id\":\"https:\/\/www.villamagnatartufi.com\/it\/il-tartufo\/#primaryimage\"},\"thumbnailUrl\":\"https:\/\/www.villamagnatartufi.com\/wp-content\/uploads\/2024\/03\/tartufo-fresco-Copia-2-scaled.jpg\",\"datePublished\":\"2018-01-15T12:09:58+00:00\",\"dateModified\":\"2024-03-05T13:25:05+00:00\",\"description\":\"Il Tartufo \u00e8 un fungo ipogeo poich\u00e9 vive sotto terra..\\\"Tartufo Nero\\\", \\\"Tartufo Bianco\\\", \\\"Tartufo Nero Estivo\\\" \\\"Tartufo Bianchetto\\\", Certificazione Biologica\",\"breadcrumb\":{\"@id\":\"https:\/\/www.villamagnatartufi.com\/it\/il-tartufo\/#breadcrumb\"},\"inLanguage\":\"it-IT\",\"potentialAction\":[{\"@type\":\"ReadAction\",\"target\":[\"https:\/\/www.villamagnatartufi.com\/it\/il-tartufo\/\"]}]},{\"@type\":\"ImageObject\",\"inLanguage\":\"it-IT\",\"@id\":\"https:\/\/www.villamagnatartufi.com\/it\/il-tartufo\/#primaryimage\",\"url\":\"https:\/\/www.villamagnatartufi.com\/wp-content\/uploads\/2024\/03\/tartufo-fresco-Copia-2-scaled.jpg\",\"contentUrl\":\"https:\/\/www.villamagnatartufi.com\/wp-content\/uploads\/2024\/03\/tartufo-fresco-Copia-2-scaled.jpg\",\"width\":2560,\"height\":1671,\"caption\":\"Truffle\"},{\"@type\":\"BreadcrumbList\",\"@id\":\"https:\/\/www.villamagnatartufi.com\/it\/il-tartufo\/#breadcrumb\",\"itemListElement\":[{\"@type\":\"ListItem\",\"position\":1,\"name\":\"Home\",\"item\":\"https:\/\/www.villamagnatartufi.com\/it\/\"},{\"@type\":\"ListItem\",\"position\":2,\"name\":\"Il Tartufo\"}]},{\"@type\":\"WebSite\",\"@id\":\"https:\/\/www.villamagnatartufi.com\/#website\",\"url\":\"https:\/\/www.villamagnatartufi.com\/\",\"name\":\"Villa Magna Tartufi\",\"description\":\"Villa Magna Tartufi\",\"potentialAction\":[{\"@type\":\"SearchAction\",\"target\":{\"@type\":\"EntryPoint\",\"urlTemplate\":\"https:\/\/www.villamagnatartufi.com\/?s={search_term_string}\"},\"query-input\":{\"@type\":\"PropertyValueSpecification\",\"valueRequired\":true,\"valueName\":\"search_term_string\"}}],\"inLanguage\":\"it-IT\"}]}<\/script>\n<!-- \/ Yoast SEO plugin. -->","yoast_head_json":{"title":"Il Tartufo - Villa Magna Tartufi","description":"Il Tartufo \u00e8 un fungo ipogeo poich\u00e9 vive sotto terra..\"Tartufo Nero\", \"Tartufo Bianco\", \"Tartufo Nero Estivo\" \"Tartufo Bianchetto\", Certificazione Biologica","robots":{"index":"index","follow":"follow","max-snippet":"max-snippet:-1","max-image-preview":"max-image-preview:large","max-video-preview":"max-video-preview:-1"},"canonical":"https:\/\/www.villamagnatartufi.com\/it\/il-tartufo\/","og_locale":"it_IT","og_type":"article","og_title":"Il Tartufo - Villa Magna Tartufi","og_description":"Il Tartufo \u00e8 un fungo ipogeo poich\u00e9 vive sotto terra..\"Tartufo Nero\", \"Tartufo Bianco\", \"Tartufo Nero Estivo\" \"Tartufo Bianchetto\", Certificazione Biologica","og_url":"https:\/\/www.villamagnatartufi.com\/it\/il-tartufo\/","og_site_name":"Villa Magna Tartufi","article_modified_time":"2024-03-05T13:25:05+00:00","og_image":[{"width":2560,"height":1671,"url":"https:\/\/www.villamagnatartufi.com\/wp-content\/uploads\/2024\/03\/tartufo-fresco-Copia-2-scaled.jpg","type":"image\/jpeg"}],"twitter_card":"summary_large_image","twitter_misc":{"Tempo di lettura stimato":"7 minuti"},"schema":{"@context":"https:\/\/schema.org","@graph":[{"@type":"WebPage","@id":"https:\/\/www.villamagnatartufi.com\/it\/il-tartufo\/","url":"https:\/\/www.villamagnatartufi.com\/it\/il-tartufo\/","name":"Il Tartufo - Villa Magna Tartufi","isPartOf":{"@id":"https:\/\/www.villamagnatartufi.com\/#website"},"primaryImageOfPage":{"@id":"https:\/\/www.villamagnatartufi.com\/it\/il-tartufo\/#primaryimage"},"image":{"@id":"https:\/\/www.villamagnatartufi.com\/it\/il-tartufo\/#primaryimage"},"thumbnailUrl":"https:\/\/www.villamagnatartufi.com\/wp-content\/uploads\/2024\/03\/tartufo-fresco-Copia-2-scaled.jpg","datePublished":"2018-01-15T12:09:58+00:00","dateModified":"2024-03-05T13:25:05+00:00","description":"Il Tartufo \u00e8 un fungo ipogeo poich\u00e9 vive sotto terra..\"Tartufo Nero\", \"Tartufo Bianco\", \"Tartufo Nero Estivo\" \"Tartufo Bianchetto\", Certificazione Biologica","breadcrumb":{"@id":"https:\/\/www.villamagnatartufi.com\/it\/il-tartufo\/#breadcrumb"},"inLanguage":"it-IT","potentialAction":[{"@type":"ReadAction","target":["https:\/\/www.villamagnatartufi.com\/it\/il-tartufo\/"]}]},{"@type":"ImageObject","inLanguage":"it-IT","@id":"https:\/\/www.villamagnatartufi.com\/it\/il-tartufo\/#primaryimage","url":"https:\/\/www.villamagnatartufi.com\/wp-content\/uploads\/2024\/03\/tartufo-fresco-Copia-2-scaled.jpg","contentUrl":"https:\/\/www.villamagnatartufi.com\/wp-content\/uploads\/2024\/03\/tartufo-fresco-Copia-2-scaled.jpg","width":2560,"height":1671,"caption":"Truffle"},{"@type":"BreadcrumbList","@id":"https:\/\/www.villamagnatartufi.com\/it\/il-tartufo\/#breadcrumb","itemListElement":[{"@type":"ListItem","position":1,"name":"Home","item":"https:\/\/www.villamagnatartufi.com\/it\/"},{"@type":"ListItem","position":2,"name":"Il Tartufo"}]},{"@type":"WebSite","@id":"https:\/\/www.villamagnatartufi.com\/#website","url":"https:\/\/www.villamagnatartufi.com\/","name":"Villa Magna Tartufi","description":"Villa Magna Tartufi","potentialAction":[{"@type":"SearchAction","target":{"@type":"EntryPoint","urlTemplate":"https:\/\/www.villamagnatartufi.com\/?s={search_term_string}"},"query-input":{"@type":"PropertyValueSpecification","valueRequired":true,"valueName":"search_term_string"}}],"inLanguage":"it-IT"}]}},"_links":{"self":[{"href":"https:\/\/www.villamagnatartufi.com\/it\/wp-json\/wp\/v2\/pages\/168","targetHints":{"allow":["GET"]}}],"collection":[{"href":"https:\/\/www.villamagnatartufi.com\/it\/wp-json\/wp\/v2\/pages"}],"about":[{"href":"https:\/\/www.villamagnatartufi.com\/it\/wp-json\/wp\/v2\/types\/page"}],"author":[{"embeddable":true,"href":"https:\/\/www.villamagnatartufi.com\/it\/wp-json\/wp\/v2\/users\/1"}],"replies":[{"embeddable":true,"href":"https:\/\/www.villamagnatartufi.com\/it\/wp-json\/wp\/v2\/comments?post=168"}],"version-history":[{"count":14,"href":"https:\/\/www.villamagnatartufi.com\/it\/wp-json\/wp\/v2\/pages\/168\/revisions"}],"predecessor-version":[{"id":24898,"href":"https:\/\/www.villamagnatartufi.com\/it\/wp-json\/wp\/v2\/pages\/168\/revisions\/24898"}],"wp:featuredmedia":[{"embeddable":true,"href":"https:\/\/www.villamagnatartufi.com\/it\/wp-json\/wp\/v2\/media\/24886"}],"wp:attachment":[{"href":"https:\/\/www.villamagnatartufi.com\/it\/wp-json\/wp\/v2\/media?parent=168"}],"curies":[{"name":"wp","href":"https:\/\/api.w.org\/{rel}","templated":true}]}}